{"id":263,"date":"2025-02-06T17:45:38","date_gmt":"2025-02-06T20:45:38","guid":{"rendered":"http:\/\/localhost\/mya_local\/?page_id=263"},"modified":"2025-05-01T13:49:50","modified_gmt":"2025-05-01T16:49:50","slug":"meditation","status":"publish","type":"page","link":"https:\/\/myaorg.com\/es\/meditation\/","title":{"rendered":"Meditation"},"content":{"rendered":"<div data-elementor-type=\"wp-page\" data-elementor-id=\"263\" class=\"elementor elementor-263\" data-elementor-post-type=\"page\">\n\t\t\t\t<div class=\"elementor-element elementor-element-a57a64e e-flex e-con-boxed e-con e-parent\" data-id=\"a57a64e\" data-element_type=\"container\">\n\t\t\t\t\t<div class=\"e-con-inner\">\n\t\t<div class=\"elementor-element elementor-element-201cae5 e-con-full e-flex e-con e-child\" data-id=\"201cae5\" data-element_type=\"container\">\n\t\t\t\t<div class=\"elementor-element elementor-element-ec1dada elementor-widget elementor-widget-heading\" data-id=\"ec1dada\" data-element_type=\"widget\" data-widget_type=\"heading.default\">\n\t\t\t\t<div class=\"elementor-widget-container\">\n\t\t\t\t\t<h2 class=\"elementor-heading-title elementor-size-default\">LOS CINCO CAMINOS<\/h2>\t\t\t\t<\/div>\n\t\t\t\t<\/div>\n\t\t<div class=\"elementor-element elementor-element-f0659e9 e-con-full e-flex e-con e-child\" data-id=\"f0659e9\" data-element_type=\"container\">\n\t\t\t\t<div class=\"elementor-element elementor-element-332d104 elementor-widget elementor-widget-text-editor\" data-id=\"332d104\" data-element_type=\"widget\" data-widget_type=\"text-editor.default\">\n\t\t\t\t<div class=\"elementor-widget-container\">\n\t\t\t\t\t\t\t\t\t<p>MEJORAR LA PRODUCTIVIDAD<\/p><p>AUMENTAR SU CAPACIDAD DE CONCENTRACI\u00d3N<\/p><p>HALLAR PAZ INTERIOR Y TRANQUILIDAD MENTAL<\/p><p>RENOVAR SU ENERG\u00cdA<\/p><p>MEJORAR SUS PATRONES DE SUE\u00d1O<\/p><p>AUMENTAR SU CREATIVIDAD<\/p>\t\t\t\t\t\t\t\t<\/div>\n\t\t\t\t<\/div>\n\t\t\t\t<\/div>\n\t\t\t\t<\/div>\n\t\t<div class=\"elementor-element elementor-element-e7e020c e-con-full e-flex e-con e-child\" data-id=\"e7e020c\" data-element_type=\"container\">\n\t\t\t\t<div class=\"elementor-element elementor-element-f36e28b elementor-widget elementor-widget-image\" data-id=\"f36e28b\" data-element_type=\"widget\" data-widget_type=\"image.default\">\n\t\t\t\t<div class=\"elementor-widget-container\">\n\t\t\t\t\t\t\t\t\t\t\t\t\t\t\t<img fetchpriority=\"high\" decoding=\"async\" width=\"757\" height=\"836\" src=\"https:\/\/myaorg.com\/wp-content\/uploads\/2025\/02\/yogui_p.png\" class=\"attachment-large size-large wp-image-266\" alt=\"\" srcset=\"https:\/\/myaorg.com\/wp-content\/uploads\/2025\/02\/yogui_p.png 757w, https:\/\/myaorg.com\/wp-content\/uploads\/2025\/02\/yogui_p-272x300.png 272w\" sizes=\"(max-width: 757px) 100vw, 757px\" \/>\t\t\t\t\t\t\t\t\t\t\t\t\t\t\t<\/div>\n\t\t\t\t<\/div>\n\t\t\t\t<\/div>\n\t\t\t\t\t<\/div>\n\t\t\t\t<\/div>\n\t\t<div class=\"elementor-element elementor-element-9b1379c e-flex e-con-boxed e-con e-parent\" data-id=\"9b1379c\" data-element_type=\"container\">\n\t\t\t\t\t<div class=\"e-con-inner\">\n\t\t\t\t<div class=\"elementor-element elementor-element-dd88be6 elementor-widget elementor-widget-text-editor\" data-id=\"dd88be6\" data-element_type=\"widget\" data-widget_type=\"text-editor.default\">\n\t\t\t\t<div class=\"elementor-widget-container\">\n\t\t\t\t\t\t\t\t\t<p>Este programa de meditaci\u00f3n se basa en la evoluci\u00f3n del cerebro humano, el cerebro reptil (corteza f\u00edsica), el cerebro l\u00edmbico (corteza emocional) y el cerebro intelectual neocortex (corteza intelectual).\u00a0<strong>A trav\u00e9s de este programa no s\u00f3lo asimilar\u00e1s la meditaci\u00f3n, sino que tambi\u00e9n sanar\u00e1s las diferentes \u00e1reas de tu existencia, tu lado f\u00edsico, tu lado emocional y tu lado intelectual. Aprender\u00e1s a desarrollar estas cinco t\u00e9cnicas diferentes (Los cinco caminos) relacionadas con tu respiraci\u00f3n, cuerpo, coraz\u00f3n, mente y alma, logrando paz interior y mayor conciencia. Inicialmente, aprender\u00e1s c\u00f3mo manejar tu energ\u00eda vital (Prana) a trav\u00e9s de la respiraci\u00f3n; tambi\u00e9n aprender\u00e1s a relajarte y conectar con tu cuerpo a trav\u00e9s de la conciencia corporal y la sanaci\u00f3n emocional a trav\u00e9s de meditaciones activas del coraz\u00f3n.\u00a0<\/strong>Luego, explorando la meditaci\u00f3n mantra, podr\u00e1s enfocar tu mente y lidiar con el estr\u00e9s, para finalmente conectar con tu alma o presencia interior a trav\u00e9s de la meditaci\u00f3n del alma. A medida que explores estas t\u00e9cnicas milenarias arraigadas en la tradici\u00f3n v\u00e9dica de la India, recibir\u00e1s un mantra personal (Sonido Primordial) basado en la vibraci\u00f3n del Universo en el momento y lugar de tu nacimiento.<\/p>\t\t\t\t\t\t\t\t<\/div>\n\t\t\t\t<\/div>\n\t\t<div class=\"elementor-element elementor-element-86a402a e-con-full e-flex e-con e-child\" data-id=\"86a402a\" data-element_type=\"container\">\n\t\t\t\t<div class=\"elementor-element elementor-element-9248acf elementor-widget elementor-widget-text-editor\" data-id=\"9248acf\" data-element_type=\"widget\" data-widget_type=\"text-editor.default\">\n\t\t\t\t<div class=\"elementor-widget-container\">\n\t\t\t\t\t\t\t\t\t<p><strong>Te invitamos a escuchar una meditaci\u00f3n guiada:<\/strong><\/p>\t\t\t\t\t\t\t\t<\/div>\n\t\t\t\t<\/div>\n\t\t\t\t<div class=\"elementor-element elementor-element-0ff747c elementor-shape-circle elementor-grid-0 e-grid-align-center elementor-widget elementor-widget-social-icons\" data-id=\"0ff747c\" data-element_type=\"widget\" data-widget_type=\"social-icons.default\">\n\t\t\t\t<div class=\"elementor-widget-container\">\n\t\t\t\t\t\t\t<div class=\"elementor-social-icons-wrapper elementor-grid\">\n\t\t\t\t\t\t\t<span class=\"elementor-grid-item\">\n\t\t\t\t\t<a class=\"elementor-icon elementor-social-icon elementor-social-icon-youtube elementor-animation-grow elementor-repeater-item-2cb1e5e\" href=\"https:\/\/www.youtube.com\/@myadiegogesualdi4381\" target=\"_blank\">\n\t\t\t\t\t\t<span class=\"elementor-screen-only\">Youtube<\/span>\n\t\t\t\t\t\t<svg class=\"e-font-icon-svg e-fab-youtube\" viewbox=\"0 0 576 512\" xmlns=\"http:\/\/www.w3.org\/2000\/svg\"><path d=\"M549.655 124.083c-6.281-23.65-24.787-42.276-48.284-48.597C458.781 64 288 64 288 64S117.22 64 74.629 75.486c-23.497 6.322-42.003 24.947-48.284 48.597-11.412 42.867-11.412 132.305-11.412 132.305s0 89.438 11.412 132.305c6.281 23.65 24.787 41.5 48.284 47.821C117.22 448 288 448 288 448s170.78 0 213.371-11.486c23.497-6.321 42.003-24.171 48.284-47.821 11.412-42.867 11.412-132.305 11.412-132.305s0-89.438-11.412-132.305zm-317.51 213.508V175.185l142.739 81.205-142.739 81.201z\"><\/path><\/svg>\t\t\t\t\t<\/a>\n\t\t\t\t<\/span>\n\t\t\t\t\t<\/div>\n\t\t\t\t\t\t<\/div>\n\t\t\t\t<\/div>\n\t\t\t\t<\/div>\n\t\t<div class=\"elementor-element elementor-element-c429f2c e-con-full e-flex e-con e-child\" data-id=\"c429f2c\" data-element_type=\"container\">\n\t\t\t\t<div class=\"elementor-element elementor-element-c5cedc3 elementor-widget elementor-widget-heading\" data-id=\"c5cedc3\" data-element_type=\"widget\" data-widget_type=\"heading.default\">\n\t\t\t\t<div class=\"elementor-widget-container\">\n\t\t\t\t\t<h4 class=\"elementor-heading-title elementor-size-default\">CLASES INDIVIDUALES DE MEDITACI\u00d3N<\/h4>\t\t\t\t<\/div>\n\t\t\t\t<\/div>\n\t\t\t\t<div class=\"elementor-element elementor-element-95f54ec elementor-widget elementor-widget-text-editor\" data-id=\"95f54ec\" data-element_type=\"widget\" data-widget_type=\"text-editor.default\">\n\t\t\t\t<div class=\"elementor-widget-container\">\n\t\t\t\t\t\t\t\t\t<p>We also offer individual 90-minute meditation classes, in which you will learn different techniques that will allow you to explore and develop this discipline.<br \/>This class is designed as an introductory step, to understand the basic principles of meditation and how to manage stress and body relaxation.<\/p>\t\t\t\t\t\t\t\t<\/div>\n\t\t\t\t<\/div>\n\t\t<div class=\"elementor-element elementor-element-c5e0db9 e-con-full e-flex e-con e-child\" data-id=\"c5e0db9\" data-element_type=\"container\">\n\t\t\t\t<div class=\"elementor-element elementor-element-80f1896 elementor-widget elementor-widget-heading\" data-id=\"80f1896\" data-element_type=\"widget\" data-widget_type=\"heading.default\">\n\t\t\t\t<div class=\"elementor-widget-container\">\n\t\t\t\t\t<h4 class=\"elementor-heading-title elementor-size-default\">Purchase \"The Five Doors\" meditation program or take an individual meditation class <\/h4>\t\t\t\t<\/div>\n\t\t\t\t<\/div>\n\t\t\t\t<div class=\"elementor-element elementor-element-8a314c7 elementor-widget elementor-widget-button\" data-id=\"8a314c7\" data-element_type=\"widget\" data-widget_type=\"button.default\">\n\t\t\t\t<div class=\"elementor-widget-container\">\n\t\t\t\t\t\t\t\t\t<div class=\"elementor-button-wrapper\">\n\t\t\t\t\t<a class=\"elementor-button elementor-button-link elementor-size-sm elementor-animation-grow\" href=\"https:\/\/myaorg.com\/es\/store-2\/\">\n\t\t\t\t\t\t<span class=\"elementor-button-content-wrapper\">\n\t\t\t\t\t\t\t\t\t<span class=\"elementor-button-text\">STORE<\/span>\n\t\t\t\t\t<\/span>\n\t\t\t\t\t<\/a>\n\t\t\t\t<\/div>\n\t\t\t\t\t\t\t\t<\/div>\n\t\t\t\t<\/div>\n\t\t\t\t<\/div>\n\t\t\t\t<\/div>\n\t\t<div class=\"elementor-element elementor-element-122595e e-con-full e-flex e-con e-child\" data-id=\"122595e\" data-element_type=\"container\">\n\t\t<div class=\"elementor-element elementor-element-8ec5494 e-con-full e-flex e-con e-child\" data-id=\"8ec5494\" data-element_type=\"container\">\n\t\t\t\t<div class=\"elementor-element elementor-element-a9502a3 elementor-widget elementor-widget-heading\" data-id=\"a9502a3\" data-element_type=\"widget\" data-widget_type=\"heading.default\">\n\t\t\t\t<div class=\"elementor-widget-container\">\n\t\t\t\t\t<h2 class=\"elementor-heading-title elementor-size-default\">BREATH<\/h2>\t\t\t\t<\/div>\n\t\t\t\t<\/div>\n\t\t<div class=\"elementor-element elementor-element-26ae726 e-con-full e-flex e-con e-child\" data-id=\"26ae726\" data-element_type=\"container\">\n\t\t\t\t<div class=\"elementor-element elementor-element-f2a8694 elementor-widget elementor-widget-text-editor\" data-id=\"f2a8694\" data-element_type=\"widget\" data-widget_type=\"text-editor.default\">\n\t\t\t\t<div class=\"elementor-widget-container\">\n\t\t\t\t\t\t\t\t\t<p>Breathing is a form of universal connection, but also liberation. As we all breathe the same air we form a connection with all living things. In this program we are going to deepen and explore the practice of breathing techniques, which will lead us to stronger connections and self-awareness.<\/p>\t\t\t\t\t\t\t\t<\/div>\n\t\t\t\t<\/div>\n\t\t\t\t<\/div>\n\t\t\t\t<\/div>\n\t\t<div class=\"elementor-element elementor-element-9044307 e-con-full e-flex e-con e-child\" data-id=\"9044307\" data-element_type=\"container\">\n\t\t<div class=\"elementor-element elementor-element-4ab6b27 e-con-full e-flex e-con e-child\" data-id=\"4ab6b27\" data-element_type=\"container\">\n\t\t\t\t<div class=\"elementor-element elementor-element-5d658c9 elementor-widget elementor-widget-heading\" data-id=\"5d658c9\" data-element_type=\"widget\" data-widget_type=\"heading.default\">\n\t\t\t\t<div class=\"elementor-widget-container\">\n\t\t\t\t\t<h2 class=\"elementor-heading-title elementor-size-default\">CUERPO<\/h2>\t\t\t\t<\/div>\n\t\t\t\t<\/div>\n\t\t<div class=\"elementor-element elementor-element-1ccf221 e-con-full e-flex e-con e-child\" data-id=\"1ccf221\" data-element_type=\"container\">\n\t\t\t\t<div class=\"elementor-element elementor-element-580a723 elementor-widget elementor-widget-text-editor\" data-id=\"580a723\" data-element_type=\"widget\" data-widget_type=\"text-editor.default\">\n\t\t\t\t<div class=\"elementor-widget-container\">\n\t\t\t\t\t\t\t\t\t<p>La toma de conciencia de nuestro cuerpo es crucial para una vida saludable. Esta conexi\u00f3n tambi\u00e9n desarrollar\u00e1 nuestra capacidad de concentraci\u00f3n. Atenci\u00f3n e intenci\u00f3n son herramientas vitales que pueden enriquecer nuestras vidas. Podemos dominarlas a medida que desarrollamos nuestra pr\u00e1ctica de conciencia corporal asimismo como dominar nuestra capacidad de relajarnos f\u00edsicamente.<\/p>\t\t\t\t\t\t\t\t<\/div>\n\t\t\t\t<\/div>\n\t\t\t\t<\/div>\n\t\t\t\t<\/div>\n\t\t\t\t<\/div>\n\t\t\t\t<\/div>\n\t\t<div class=\"elementor-element elementor-element-a1eb9c3 e-con-full e-flex e-con e-child\" data-id=\"a1eb9c3\" data-element_type=\"container\">\n\t\t<div class=\"elementor-element elementor-element-9e50356 e-con-full e-flex e-con e-child\" data-id=\"9e50356\" data-element_type=\"container\">\n\t\t\t\t<div class=\"elementor-element elementor-element-5f940f2 elementor-widget elementor-widget-heading\" data-id=\"5f940f2\" data-element_type=\"widget\" data-widget_type=\"heading.default\">\n\t\t\t\t<div class=\"elementor-widget-container\">\n\t\t\t\t\t<h2 class=\"elementor-heading-title elementor-size-default\">CORAZ\u00d3N<\/h2>\t\t\t\t<\/div>\n\t\t\t\t<\/div>\n\t\t<div class=\"elementor-element elementor-element-59450b3 e-con-full e-flex e-con e-child\" data-id=\"59450b3\" data-element_type=\"container\">\n\t\t\t\t<div class=\"elementor-element elementor-element-c81fcf9 elementor-widget elementor-widget-text-editor\" data-id=\"c81fcf9\" data-element_type=\"widget\" data-widget_type=\"text-editor.default\">\n\t\t\t\t<div class=\"elementor-widget-container\">\n\t\t\t\t\t\t\t\t\tNuestro coraz\u00f3n bombea 120 litros de sangre por hora y en un minuto circula el ox\u00edgeno por todo nuestro sistema de vasos. Tambi\u00e9n es el centro emocional de nuestro cuerpo. Hay redes neuronales alrededor de nuestro coraz\u00f3n; tomando conciencia de la presencia interior del coraz\u00f3n podemos entender mejor nuestras emociones. En este programa se explorar\u00e1n diferentes t\u00e9cnicas para desarrollar esta conexi\u00f3n.\t\t\t\t\t\t\t\t<\/div>\n\t\t\t\t<\/div>\n\t\t\t\t<\/div>\n\t\t\t\t<\/div>\n\t\t\t\t<\/div>\n\t\t<div class=\"elementor-element elementor-element-4c840d1 e-con-full e-flex e-con e-child\" data-id=\"4c840d1\" data-element_type=\"container\">\n\t\t<div class=\"elementor-element elementor-element-1cd901b e-con-full e-flex e-con e-child\" data-id=\"1cd901b\" data-element_type=\"container\">\n\t\t\t\t<div class=\"elementor-element elementor-element-76f2d92 elementor-widget elementor-widget-heading\" data-id=\"76f2d92\" data-element_type=\"widget\" data-widget_type=\"heading.default\">\n\t\t\t\t<div class=\"elementor-widget-container\">\n\t\t\t\t\t<h2 class=\"elementor-heading-title elementor-size-default\">MENTE<\/h2>\t\t\t\t<\/div>\n\t\t\t\t<\/div>\n\t\t<div class=\"elementor-element elementor-element-026ef2d e-flex e-con-boxed e-con e-child\" data-id=\"026ef2d\" data-element_type=\"container\">\n\t\t\t\t\t<div class=\"e-con-inner\">\n\t\t\t\t<div class=\"elementor-element elementor-element-61366c2 elementor-widget elementor-widget-text-editor\" data-id=\"61366c2\" data-element_type=\"widget\" data-widget_type=\"text-editor.default\">\n\t\t\t\t<div class=\"elementor-widget-container\">\n\t\t\t\t\t\t\t\t\t<p>Tenemos aproximadamente 80 mil pensamientos al d\u00eda, dependiendo de nuestro estado de \u00e1nimo. Esto alrededor de un pensamiento por segundo. La toma de conciencia de nuestra mente significa tomar conciencia de nuestro di\u00e1logo interno, que puede ser tanto creativo como contaminante. El conocimiento de este proceso nos ayudar\u00e1 a ordenar nuestros pensamientos para establecer una fuerza creativa transformadora.<\/p>\t\t\t\t\t\t\t\t<\/div>\n\t\t\t\t<\/div>\n\t\t\t\t\t<\/div>\n\t\t\t\t<\/div>\n\t\t\t\t<\/div>\n\t\t\t\t<\/div>\n\t\t<div class=\"elementor-element elementor-element-db2a203 e-con-full e-flex e-con e-child\" data-id=\"db2a203\" data-element_type=\"container\">\n\t\t<div class=\"elementor-element elementor-element-5d6554b e-con-full e-flex e-con e-child\" data-id=\"5d6554b\" data-element_type=\"container\">\n\t\t\t\t<div class=\"elementor-element elementor-element-5dc2a74 elementor-widget elementor-widget-heading\" data-id=\"5dc2a74\" data-element_type=\"widget\" data-widget_type=\"heading.default\">\n\t\t\t\t<div class=\"elementor-widget-container\">\n\t\t\t\t\t<h2 class=\"elementor-heading-title elementor-size-default\">ALMA<\/h2>\t\t\t\t<\/div>\n\t\t\t\t<\/div>\n\t\t<div class=\"elementor-element elementor-element-37efb86 e-con-full e-flex e-con e-child\" data-id=\"37efb86\" data-element_type=\"container\">\n\t\t\t\t<div class=\"elementor-element elementor-element-023470d elementor-widget elementor-widget-text-editor\" data-id=\"023470d\" data-element_type=\"widget\" data-widget_type=\"text-editor.default\">\n\t\t\t\t<div class=\"elementor-widget-container\">\n\t\t\t\t\t\t\t\t\t<p>Una vez que nos movemos a trav\u00e9s de los cuatro primeros pasos de este programa, el \u00faltima y m\u00e1s importante paso es tomar conciencia de nuestra alma. Conocido como el Ser, nuestra alma, seg\u00fan la filosof\u00eda Vedanta, es nuestro verdadero yo. Como una ola que surge del mar, nuestra alma es una expresi\u00f3n individual del oc\u00e9ano de la conciencia. Todos sentimos de alguna manera una presencia interna que nunca ha cambiado y est\u00e1 siempre all\u00ed como un testigo silencioso eterno. La exploraci\u00f3n de esta presencia es la meta \u00faltima de la meditaci\u00f3n.<\/p>\t\t\t\t\t\t\t\t<\/div>\n\t\t\t\t<\/div>\n\t\t\t\t<\/div>\n\t\t\t\t<\/div>\n\t\t\t\t<\/div>\n\t\t\t\t\t<\/div>\n\t\t\t\t<\/div>\n\t\t<div class=\"elementor-element elementor-element-17b6204 e-flex e-con-boxed e-con e-parent\" data-id=\"17b6204\" data-element_type=\"container\">\n\t\t\t\t\t<div class=\"e-con-inner\">\n\t\t\t\t<div class=\"elementor-element elementor-element-816f45c elementor-skin-carousel elementor-arrows-yes elementor-pagination-type-bullets elementor-pagination-position-outside elementor-widget elementor-widget-media-carousel\" data-id=\"816f45c\" data-element_type=\"widget\" data-settings=\"{&quot;slides_per_view&quot;:&quot;4&quot;,&quot;skin&quot;:&quot;carousel&quot;,&quot;effect&quot;:&quot;slide&quot;,&quot;show_arrows&quot;:&quot;yes&quot;,&quot;pagination&quot;:&quot;bullets&quot;,&quot;speed&quot;:500,&quot;autoplay&quot;:&quot;yes&quot;,&quot;autoplay_speed&quot;:5000,&quot;loop&quot;:&quot;yes&quot;,&quot;pause_on_hover&quot;:&quot;yes&quot;,&quot;pause_on_interaction&quot;:&quot;yes&quot;,&quot;space_between&quot;:{&quot;unit&quot;:&quot;px&quot;,&quot;size&quot;:10,&quot;sizes&quot;:[]},&quot;space_between_tablet&quot;:{&quot;unit&quot;:&quot;px&quot;,&quot;size&quot;:10,&quot;sizes&quot;:[]},&quot;space_between_mobile&quot;:{&quot;unit&quot;:&quot;px&quot;,&quot;size&quot;:10,&quot;sizes&quot;:[]}}\" data-widget_type=\"media-carousel.default\">\n\t\t\t\t<div class=\"elementor-widget-container\">\n\t\t\t\t\t\t\t\t\t<div class=\"elementor-swiper\">\n\t\t\t\t\t<div class=\"elementor-main-swiper swiper\" role=\"region\" aria-roledescription=\"carousel\" aria-label=\"Slides\">\n\t\t\t\t<div class=\"swiper-wrapper\">\n\t\t\t\t\t\t\t\t\t\t\t<div class=\"swiper-slide\" role=\"group\" aria-roledescription=\"slide\">\n\t\t\t\t\t\t\t\t\t<div class=\"elementor-carousel-image\" role=\"img\" aria-label=\"DSC09345\" style=\"background-image: url(&#039;https:\/\/myaorg.com\/wp-content\/uploads\/2025\/02\/DSC09345-scaled.jpg&#039;)\">\n\n\t\t\t\n\t\t\t\t\t<\/div>\n\t\t\t\t\t\t\t\t<\/div>\n\t\t\t\t\t\t\t\t\t\t\t<div class=\"swiper-slide\" role=\"group\" aria-roledescription=\"slide\">\n\t\t\t\t\t\t\t\t\t<div class=\"elementor-carousel-image\" role=\"img\" aria-label=\"DSC09089\" style=\"background-image: url(&#039;https:\/\/myaorg.com\/wp-content\/uploads\/2025\/02\/DSC09089-scaled.jpg&#039;)\">\n\n\t\t\t\n\t\t\t\t\t<\/div>\n\t\t\t\t\t\t\t\t<\/div>\n\t\t\t\t\t\t\t\t\t\t\t<div class=\"swiper-slide\" role=\"group\" aria-roledescription=\"slide\">\n\t\t\t\t\t\t\t\t\t<div class=\"elementor-carousel-image\" role=\"img\" aria-label=\"Copia de DSC09068\" style=\"background-image: url(&#039;https:\/\/myaorg.com\/wp-content\/uploads\/2025\/02\/Copia-de-DSC09068-scaled.jpg&#039;)\">\n\n\t\t\t\n\t\t\t\t\t<\/div>\n\t\t\t\t\t\t\t\t<\/div>\n\t\t\t\t\t\t\t\t\t\t\t<div class=\"swiper-slide\" role=\"group\" aria-roledescription=\"slide\">\n\t\t\t\t\t\t\t\t\t<div class=\"elementor-carousel-image\" role=\"img\" aria-label=\"DSC09341\" style=\"background-image: url(&#039;https:\/\/myaorg.com\/wp-content\/uploads\/2025\/02\/DSC09341-scaled.jpg&#039;)\">\n\n\t\t\t\n\t\t\t\t\t<\/div>\n\t\t\t\t\t\t\t\t<\/div>\n\t\t\t\t\t\t\t\t\t<\/div>\n\t\t\t\t\t\t\t\t\t\t\t\t\t\t\t<div class=\"elementor-swiper-button elementor-swiper-button-prev\" role=\"button\" tabindex=\"0\" aria-label=\"Previous\">\n\t\t\t\t\t\t\t<svg aria-hidden=\"true\" class=\"e-font-icon-svg e-eicon-chevron-left\" viewbox=\"0 0 1000 1000\" xmlns=\"http:\/\/www.w3.org\/2000\/svg\"><path d=\"M646 125C629 125 613 133 604 142L308 442C296 454 292 471 292 487 292 504 296 521 308 533L604 854C617 867 629 875 646 875 663 875 679 871 692 858 704 846 713 829 713 812 713 796 708 779 692 767L438 487 692 225C700 217 708 204 708 187 708 171 704 154 692 142 675 129 663 125 646 125Z\"><\/path><\/svg>\t\t\t\t\t\t<\/div>\n\t\t\t\t\t\t<div class=\"elementor-swiper-button elementor-swiper-button-next\" role=\"button\" tabindex=\"0\" aria-label=\"Next\">\n\t\t\t\t\t\t\t<svg aria-hidden=\"true\" class=\"e-font-icon-svg e-eicon-chevron-right\" viewbox=\"0 0 1000 1000\" xmlns=\"http:\/\/www.w3.org\/2000\/svg\"><path d=\"M696 533C708 521 713 504 713 487 713 471 708 454 696 446L400 146C388 133 375 125 354 125 338 125 325 129 313 142 300 154 292 171 292 187 292 204 296 221 308 233L563 492 304 771C292 783 288 800 288 817 288 833 296 850 308 863 321 871 338 875 354 875 371 875 388 867 400 854L696 533Z\"><\/path><\/svg>\t\t\t\t\t\t<\/div>\n\t\t\t\t\t\t\t\t\t\t\t\t\t\t\t\t<div class=\"swiper-pagination\"><\/div>\n\t\t\t\t\t\t\t\t\t\t\t\t<\/div>\n\t\t\t\t<\/div>\n\t\t\t\t\t\t\t\t<\/div>\n\t\t\t\t<\/div>\n\t\t\t\t\t<\/div>\n\t\t\t\t<\/div>\n\t\t\t\t<\/div>","protected":false},"excerpt":{"rendered":"<p>THE FIVE DOORS IMPROVE PRODUCTIVITY AUGMENT FOCUSING BRING PEACE OF MIND RENEW YOUR ENERGY ENHANCE YOUR SLEEP PATTERNS INCREASE CREATIVITY This meditation program is based on the evolution of the human brain, reptilian brain (physical cortex), limbic brain (emotional cortex) and neocortex brain (intellectual cortex).\u00a0Through this program you will not only understand meditation but also [&hellip;]<\/p>","protected":false},"author":3,"featured_media":0,"parent":0,"menu_order":0,"comment_status":"closed","ping_status":"closed","template":"","meta":{"footnotes":""},"class_list":["post-263","page","type-page","status-publish","hentry"],"_links":{"self":[{"href":"https:\/\/myaorg.com\/es\/wp-json\/wp\/v2\/pages\/263","targetHints":{"allow":["GET"]}}],"collection":[{"href":"https:\/\/myaorg.com\/es\/wp-json\/wp\/v2\/pages"}],"about":[{"href":"https:\/\/myaorg.com\/es\/wp-json\/wp\/v2\/types\/page"}],"author":[{"embeddable":true,"href":"https:\/\/myaorg.com\/es\/wp-json\/wp\/v2\/users\/3"}],"replies":[{"embeddable":true,"href":"https:\/\/myaorg.com\/es\/wp-json\/wp\/v2\/comments?post=263"}],"version-history":[{"count":76,"href":"https:\/\/myaorg.com\/es\/wp-json\/wp\/v2\/pages\/263\/revisions"}],"predecessor-version":[{"id":891,"href":"https:\/\/myaorg.com\/es\/wp-json\/wp\/v2\/pages\/263\/revisions\/891"}],"wp:attachment":[{"href":"https:\/\/myaorg.com\/es\/wp-json\/wp\/v2\/media?parent=263"}],"curies":[{"name":"wp","href":"https:\/\/api.w.org\/{rel}","templated":true}]}}