{"id":317,"date":"2025-02-09T17:55:09","date_gmt":"2025-02-09T20:55:09","guid":{"rendered":"http:\/\/localhost\/mya_local\/?page_id=317"},"modified":"2025-04-15T19:10:48","modified_gmt":"2025-04-15T22:10:48","slug":"mindful-healing","status":"publish","type":"page","link":"https:\/\/myaorg.com\/es\/mindful-healing\/","title":{"rendered":"Mindful Healing"},"content":{"rendered":"<div data-elementor-type=\"wp-page\" data-elementor-id=\"317\" class=\"elementor elementor-317\" data-elementor-post-type=\"page\">\n\t\t\t\t<div class=\"elementor-element elementor-element-27054c6 e-flex e-con-boxed e-con e-parent\" data-id=\"27054c6\" data-element_type=\"container\">\n\t\t\t\t\t<div class=\"e-con-inner\">\n\t\t\t\t<div class=\"elementor-element elementor-element-1fab917 elementor-widget elementor-widget-heading\" data-id=\"1fab917\" data-element_type=\"widget\" data-widget_type=\"heading.default\">\n\t\t\t\t<div class=\"elementor-widget-container\">\n\t\t\t\t\t<h1 class=\"elementor-heading-title elementor-size-default\">SANACI\u00d3N CONSCIENTE<\/h1>\t\t\t\t<\/div>\n\t\t\t\t<\/div>\n\t\t\t\t<div class=\"elementor-element elementor-element-30cad03 elementor-widget elementor-widget-text-editor\" data-id=\"30cad03\" data-element_type=\"widget\" data-widget_type=\"text-editor.default\">\n\t\t\t\t<div class=\"elementor-widget-container\">\n\t\t\t\t\t\t\t\t\t<p>M\u00e1s de un tercio de la poblaci\u00f3n occidental experimenta problemas de salud tales como dolor cr\u00f3nico, ansiedad, trastornos alimenticios, trastornos del sue\u00f1o, depresi\u00f3n y aislamiento. Esto afecta no s\u00f3lo a los individuos, sino que afecta a todos los dem\u00e1s a su alrededor, incluidos los miembros de la familia, compa\u00f1eros de trabajo y amigos. Este programa, basado en la sabidur\u00eda milenaria del Ayurveda, conocido como el sistema de salud m\u00e1s antiguo del planeta y reconocido por sus cualidades preventivas, te ayudar\u00e1 a explorar los diferentes \u00e1mbitos de la salud, como la nutrici\u00f3n, el ejercicio, las emociones, el estr\u00e9s y el sue\u00f1o. Te proporcionaremos t\u00e9cnicas y herramientas pr\u00e1cticas para mejorar tu bienestar seg\u00fan tu constituci\u00f3n cuerpo \/ mente trabajando en pos de lo que llamamos la salud perfecta, un estilo de vida Ayurvedico.<\/p>\t\t\t\t\t\t\t\t<\/div>\n\t\t\t\t<\/div>\n\t\t\t\t<div class=\"elementor-element elementor-element-acd8cc9 elementor-widget elementor-widget-button\" data-id=\"acd8cc9\" data-element_type=\"widget\" data-widget_type=\"button.default\">\n\t\t\t\t<div class=\"elementor-widget-container\">\n\t\t\t\t\t\t\t\t\t<div class=\"elementor-button-wrapper\">\n\t\t\t\t\t<a class=\"elementor-button elementor-button-link elementor-size-sm\" href=\"https:\/\/myaorg.com\/es\/store-2\/\">\n\t\t\t\t\t\t<span class=\"elementor-button-content-wrapper\">\n\t\t\t\t\t\t\t\t\t<span class=\"elementor-button-text\">View more | Store<\/span>\n\t\t\t\t\t<\/span>\n\t\t\t\t\t<\/a>\n\t\t\t\t<\/div>\n\t\t\t\t\t\t\t\t<\/div>\n\t\t\t\t<\/div>\n\t\t\t\t<div class=\"elementor-element elementor-element-6f4715a elementor-widget-divider--view-line elementor-widget elementor-widget-divider\" data-id=\"6f4715a\" data-element_type=\"widget\" data-widget_type=\"divider.default\">\n\t\t\t\t<div class=\"elementor-widget-container\">\n\t\t\t\t\t\t\t<div class=\"elementor-divider\">\n\t\t\t<span class=\"elementor-divider-separator\">\n\t\t\t\t\t\t<\/span>\n\t\t<\/div>\n\t\t\t\t\t\t<\/div>\n\t\t\t\t<\/div>\n\t\t\t\t\t<\/div>\n\t\t\t\t<\/div>\n\t\t<div class=\"elementor-element elementor-element-deb151c e-flex e-con-boxed e-con e-parent\" data-id=\"deb151c\" data-element_type=\"container\">\n\t\t\t\t\t<div class=\"e-con-inner\">\n\t\t<div class=\"elementor-element elementor-element-86c9ab6 e-con-full e-flex e-con e-child\" data-id=\"86c9ab6\" data-element_type=\"container\">\n\t\t\t\t<div class=\"elementor-element elementor-element-fab56bf elementor-widget elementor-widget-image\" data-id=\"fab56bf\" data-element_type=\"widget\" data-widget_type=\"image.default\">\n\t\t\t\t<div class=\"elementor-widget-container\">\n\t\t\t\t\t\t\t\t\t\t\t\t\t\t\t<img fetchpriority=\"high\" decoding=\"async\" width=\"600\" height=\"413\" src=\"https:\/\/myaorg.com\/wp-content\/uploads\/2025\/02\/pilar1.jpg\" class=\"attachment-large size-large wp-image-326\" alt=\"\" srcset=\"https:\/\/myaorg.com\/wp-content\/uploads\/2025\/02\/pilar1.jpg 600w, https:\/\/myaorg.com\/wp-content\/uploads\/2025\/02\/pilar1-300x207.jpg 300w\" sizes=\"(max-width: 600px) 100vw, 600px\" \/>\t\t\t\t\t\t\t\t\t\t\t\t\t\t\t<\/div>\n\t\t\t\t<\/div>\n\t\t\t\t<\/div>\n\t\t<div class=\"elementor-element elementor-element-c3cde73 e-con-full e-flex e-con e-child\" data-id=\"c3cde73\" data-element_type=\"container\">\n\t\t\t\t<div class=\"elementor-element elementor-element-c0dbf13 elementor-widget elementor-widget-heading\" data-id=\"c0dbf13\" data-element_type=\"widget\" data-widget_type=\"heading.default\">\n\t\t\t\t<div class=\"elementor-widget-container\">\n\t\t\t\t\t<h3 class=\"elementor-heading-title elementor-size-default\">La comida como medicina<\/h3>\t\t\t\t<\/div>\n\t\t\t\t<\/div>\n\t\t\t\t<div class=\"elementor-element elementor-element-99064fb elementor-widget elementor-widget-heading\" data-id=\"99064fb\" data-element_type=\"widget\" data-widget_type=\"heading.default\">\n\t\t\t\t<div class=\"elementor-widget-container\">\n\t\t\t\t\t<h3 class=\"elementor-heading-title elementor-size-default\">REFRESCA TU ENERG\u00cdA<\/h3>\t\t\t\t<\/div>\n\t\t\t\t<\/div>\n\t\t\t\t<div class=\"elementor-element elementor-element-e3c693a elementor-widget elementor-widget-text-editor\" data-id=\"e3c693a\" data-element_type=\"widget\" data-widget_type=\"text-editor.default\">\n\t\t\t\t<div class=\"elementor-widget-container\">\n\t\t\t\t\t\t\t\t\t<p>El Ayurveda tiene una manera muy interesante de ver a los seres humanos a trav\u00e9s de su constituci\u00f3n Mente \/ Cuerpo. Est\u00e1 claro que no todos estamos f\u00edsicamente capacitados o mentalmente preparados de la misma manera. Tambi\u00e9n est\u00e1 claro que respondemos a circunstancias similares de maneras completamente diferentes. Todo lo que comemos crea los tejidos que conforman nuestros cuerpos. Comer de acuerdo con nuestra constituci\u00f3n mente \/ cuerpo, refrescar\u00e1 nuestra energ\u00eda a lo largo del d\u00eda y nos mantendr\u00e1 fuertes y saludables.<\/p>\t\t\t\t\t\t\t\t<\/div>\n\t\t\t\t<\/div>\n\t\t\t\t<\/div>\n\t\t\t\t\t<\/div>\n\t\t\t\t<\/div>\n\t\t<div class=\"elementor-element elementor-element-c3e5230 e-flex e-con-boxed e-con e-parent\" data-id=\"c3e5230\" data-element_type=\"container\">\n\t\t\t\t\t<div class=\"e-con-inner\">\n\t\t<div class=\"elementor-element elementor-element-20183a1 e-con-full e-flex e-con e-child\" data-id=\"20183a1\" data-element_type=\"container\">\n\t\t\t\t<div class=\"elementor-element elementor-element-e1718c2 elementor-widget elementor-widget-heading\" data-id=\"e1718c2\" data-element_type=\"widget\" data-widget_type=\"heading.default\">\n\t\t\t\t<div class=\"elementor-widget-container\">\n\t\t\t\t\t<h3 class=\"elementor-heading-title elementor-size-default\">Ejercicio<\/h3>\t\t\t\t<\/div>\n\t\t\t\t<\/div>\n\t\t\t\t<div class=\"elementor-element elementor-element-00f1f78 elementor-widget elementor-widget-heading\" data-id=\"00f1f78\" data-element_type=\"widget\" data-widget_type=\"heading.default\">\n\t\t\t\t<div class=\"elementor-widget-container\">\n\t\t\t\t\t<h3 class=\"elementor-heading-title elementor-size-default\">MU\u00c9VETE<\/h3>\t\t\t\t<\/div>\n\t\t\t\t<\/div>\n\t\t\t\t<div class=\"elementor-element elementor-element-7c45d73 elementor-widget elementor-widget-text-editor\" data-id=\"7c45d73\" data-element_type=\"widget\" data-widget_type=\"text-editor.default\">\n\t\t\t\t<div class=\"elementor-widget-container\">\n\t\t\t\t\t\t\t\t\t<p>No hay nada m\u00e1s valioso como ejercicio que mover el cuerpo. Caminar, correr, bailar, nadar, andar en bicicleta, etc. son formas cruciales de mantener nuestro cuerpo en movimiento constante, alej\u00e1ndonos de la vida sedentaria que estamos viviendo actualmente. Basado en yoga y ejercicios de respiraci\u00f3n, a trav\u00e9s de este programa podremos desarrollar la rutina de ejercicios que se adapte a nuestra constituci\u00f3n corporal.<\/p>\t\t\t\t\t\t\t\t<\/div>\n\t\t\t\t<\/div>\n\t\t\t\t<\/div>\n\t\t<div class=\"elementor-element elementor-element-f86cdf3 e-con-full e-flex e-con e-child\" data-id=\"f86cdf3\" data-element_type=\"container\">\n\t\t\t\t<div class=\"elementor-element elementor-element-d3e595d elementor-widget elementor-widget-image\" data-id=\"d3e595d\" data-element_type=\"widget\" data-widget_type=\"image.default\">\n\t\t\t\t<div class=\"elementor-widget-container\">\n\t\t\t\t\t\t\t\t\t\t\t\t\t\t\t<img decoding=\"async\" width=\"600\" height=\"413\" src=\"https:\/\/myaorg.com\/wp-content\/uploads\/2025\/02\/pilar2.jpg\" class=\"attachment-large size-large wp-image-327\" alt=\"\" srcset=\"https:\/\/myaorg.com\/wp-content\/uploads\/2025\/02\/pilar2.jpg 600w, https:\/\/myaorg.com\/wp-content\/uploads\/2025\/02\/pilar2-300x207.jpg 300w\" sizes=\"(max-width: 600px) 100vw, 600px\" \/>\t\t\t\t\t\t\t\t\t\t\t\t\t\t\t<\/div>\n\t\t\t\t<\/div>\n\t\t\t\t<\/div>\n\t\t\t\t\t<\/div>\n\t\t\t\t<\/div>\n\t\t<div class=\"elementor-element elementor-element-85ee494 e-flex e-con-boxed e-con e-parent\" data-id=\"85ee494\" data-element_type=\"container\">\n\t\t\t\t\t<div class=\"e-con-inner\">\n\t\t<div class=\"elementor-element elementor-element-a9fa761 e-con-full e-flex e-con e-child\" data-id=\"a9fa761\" data-element_type=\"container\">\n\t\t\t\t<div class=\"elementor-element elementor-element-4dd042c elementor-widget elementor-widget-image\" data-id=\"4dd042c\" data-element_type=\"widget\" data-widget_type=\"image.default\">\n\t\t\t\t<div class=\"elementor-widget-container\">\n\t\t\t\t\t\t\t\t\t\t\t\t\t\t\t<img decoding=\"async\" width=\"600\" height=\"413\" src=\"https:\/\/myaorg.com\/wp-content\/uploads\/2025\/02\/pilar3.jpg\" class=\"attachment-large size-large wp-image-328\" alt=\"\" srcset=\"https:\/\/myaorg.com\/wp-content\/uploads\/2025\/02\/pilar3.jpg 600w, https:\/\/myaorg.com\/wp-content\/uploads\/2025\/02\/pilar3-300x207.jpg 300w\" sizes=\"(max-width: 600px) 100vw, 600px\" \/>\t\t\t\t\t\t\t\t\t\t\t\t\t\t\t<\/div>\n\t\t\t\t<\/div>\n\t\t\t\t<\/div>\n\t\t<div class=\"elementor-element elementor-element-88a4d0d e-con-full e-flex e-con e-child\" data-id=\"88a4d0d\" data-element_type=\"container\">\n\t\t\t\t<div class=\"elementor-element elementor-element-088e379 elementor-widget elementor-widget-heading\" data-id=\"088e379\" data-element_type=\"widget\" data-widget_type=\"heading.default\">\n\t\t\t\t<div class=\"elementor-widget-container\">\n\t\t\t\t\t<h3 class=\"elementor-heading-title elementor-size-default\">Gesti\u00f3n del estr\u00e9s<\/h3>\t\t\t\t<\/div>\n\t\t\t\t<\/div>\n\t\t\t\t<div class=\"elementor-element elementor-element-6e3525d elementor-widget elementor-widget-heading\" data-id=\"6e3525d\" data-element_type=\"widget\" data-widget_type=\"heading.default\">\n\t\t\t\t<div class=\"elementor-widget-container\">\n\t\t\t\t\t<h3 class=\"elementor-heading-title elementor-size-default\">ENTENDIENDO NUESTRO IMPACTO<\/h3>\t\t\t\t<\/div>\n\t\t\t\t<\/div>\n\t\t\t\t<div class=\"elementor-element elementor-element-4930405 elementor-widget elementor-widget-text-editor\" data-id=\"4930405\" data-element_type=\"widget\" data-widget_type=\"text-editor.default\">\n\t\t\t\t<div class=\"elementor-widget-container\">\n\t\t\t\t\t\t\t\t\t<p>Todos los d\u00edas el estr\u00e9s est\u00e1 presente en nuestra vida. La mayor\u00eda de nosotros vemos el estr\u00e9s como una energ\u00eda negativa que debemos enfrentar. En cambio, en nuestro programa vemos el estr\u00e9s como la forma en que respondemos cuando nuestras necesidades no son satisfechas. A trav\u00e9s de esta definici\u00f3n podemos manejar el estr\u00e9s mediante la comprensi\u00f3n de nuestras necesidades entendiendo nuestro impacto. La meditaci\u00f3n es la pr\u00e1ctica principal para desarrollar esta retroalimentaci\u00f3n y comprensi\u00f3n. Adem\u00e1s estudi\u00e1ramos t\u00e9cnicas pr\u00e1cticas para hacer frente al estr\u00e9s a medida que surge.<\/p>\t\t\t\t\t\t\t\t<\/div>\n\t\t\t\t<\/div>\n\t\t\t\t<\/div>\n\t\t\t\t\t<\/div>\n\t\t\t\t<\/div>\n\t\t<div class=\"elementor-element elementor-element-95b735e e-flex e-con-boxed e-con e-parent\" data-id=\"95b735e\" data-element_type=\"container\">\n\t\t\t\t\t<div class=\"e-con-inner\">\n\t\t<div class=\"elementor-element elementor-element-69afdff e-con-full e-flex e-con e-child\" data-id=\"69afdff\" data-element_type=\"container\">\n\t\t\t\t<div class=\"elementor-element elementor-element-d5f0545 elementor-widget elementor-widget-heading\" data-id=\"d5f0545\" data-element_type=\"widget\" data-widget_type=\"heading.default\">\n\t\t\t\t<div class=\"elementor-widget-container\">\n\t\t\t\t\t<h3 class=\"elementor-heading-title elementor-size-default\">Patr\u00f3n del Sue\u00f1o<\/h3>\t\t\t\t<\/div>\n\t\t\t\t<\/div>\n\t\t\t\t<div class=\"elementor-element elementor-element-472d4df elementor-widget elementor-widget-heading\" data-id=\"472d4df\" data-element_type=\"widget\" data-widget_type=\"heading.default\">\n\t\t\t\t<div class=\"elementor-widget-container\">\n\t\t\t\t\t<h3 class=\"elementor-heading-title elementor-size-default\">EXPLORACI\u00d3N INTERIOR<\/h3>\t\t\t\t<\/div>\n\t\t\t\t<\/div>\n\t\t\t\t<div class=\"elementor-element elementor-element-646d97e elementor-widget elementor-widget-text-editor\" data-id=\"646d97e\" data-element_type=\"widget\" data-widget_type=\"text-editor.default\">\n\t\t\t\t<div class=\"elementor-widget-container\">\n\t\t\t\t\t\t\t\t\t<p>Most of us consider sleeping as the time to shut down. But sleeping could be considered as the perfect inner exploration, as our state of consciousness changes from awake to deep sleep and dreaming or REM. What we propose in our program is to utilize these hours of sleeping to explore our inner self. Through basic techniques to be developed before and after sleeping, we will help you to attain a quality resting time.<\/p>\t\t\t\t\t\t\t\t<\/div>\n\t\t\t\t<\/div>\n\t\t\t\t<\/div>\n\t\t<div class=\"elementor-element elementor-element-6d8ace9 e-con-full e-flex e-con e-child\" data-id=\"6d8ace9\" data-element_type=\"container\">\n\t\t\t\t<div class=\"elementor-element elementor-element-2f31a04 elementor-widget elementor-widget-image\" data-id=\"2f31a04\" data-element_type=\"widget\" data-widget_type=\"image.default\">\n\t\t\t\t<div class=\"elementor-widget-container\">\n\t\t\t\t\t\t\t\t\t\t\t\t\t\t\t<img loading=\"lazy\" decoding=\"async\" width=\"600\" height=\"413\" src=\"https:\/\/myaorg.com\/wp-content\/uploads\/2025\/02\/pilar4.jpg\" class=\"attachment-large size-large wp-image-329\" alt=\"\" srcset=\"https:\/\/myaorg.com\/wp-content\/uploads\/2025\/02\/pilar4.jpg 600w, https:\/\/myaorg.com\/wp-content\/uploads\/2025\/02\/pilar4-300x207.jpg 300w\" sizes=\"(max-width: 600px) 100vw, 600px\" \/>\t\t\t\t\t\t\t\t\t\t\t\t\t\t\t<\/div>\n\t\t\t\t<\/div>\n\t\t\t\t<\/div>\n\t\t\t\t\t<\/div>\n\t\t\t\t<\/div>\n\t\t<div class=\"elementor-element elementor-element-e91d02d e-flex e-con-boxed e-con e-parent\" data-id=\"e91d02d\" data-element_type=\"container\">\n\t\t\t\t\t<div class=\"e-con-inner\">\n\t\t<div class=\"elementor-element elementor-element-9323882 e-con-full e-flex e-con e-child\" data-id=\"9323882\" data-element_type=\"container\">\n\t\t\t\t<div class=\"elementor-element elementor-element-695ab42 elementor-widget elementor-widget-image\" data-id=\"695ab42\" data-element_type=\"widget\" data-widget_type=\"image.default\">\n\t\t\t\t<div class=\"elementor-widget-container\">\n\t\t\t\t\t\t\t\t\t\t\t\t\t\t\t<img loading=\"lazy\" decoding=\"async\" width=\"600\" height=\"413\" src=\"https:\/\/myaorg.com\/wp-content\/uploads\/2025\/02\/pilar5.jpg\" class=\"attachment-large size-large wp-image-330\" alt=\"\" srcset=\"https:\/\/myaorg.com\/wp-content\/uploads\/2025\/02\/pilar5.jpg 600w, https:\/\/myaorg.com\/wp-content\/uploads\/2025\/02\/pilar5-300x207.jpg 300w\" sizes=\"(max-width: 600px) 100vw, 600px\" \/>\t\t\t\t\t\t\t\t\t\t\t\t\t\t\t<\/div>\n\t\t\t\t<\/div>\n\t\t\t\t<\/div>\n\t\t<div class=\"elementor-element elementor-element-2f112ba e-con-full e-flex e-con e-child\" data-id=\"2f112ba\" data-element_type=\"container\">\n\t\t\t\t<div class=\"elementor-element elementor-element-5b07183 elementor-widget elementor-widget-heading\" data-id=\"5b07183\" data-element_type=\"widget\" data-widget_type=\"heading.default\">\n\t\t\t\t<div class=\"elementor-widget-container\">\n\t\t\t\t\t<h3 class=\"elementor-heading-title elementor-size-default\">Sanaci\u00f3n Emocional<\/h3>\t\t\t\t<\/div>\n\t\t\t\t<\/div>\n\t\t\t\t<div class=\"elementor-element elementor-element-895787f elementor-widget elementor-widget-heading\" data-id=\"895787f\" data-element_type=\"widget\" data-widget_type=\"heading.default\">\n\t\t\t\t<div class=\"elementor-widget-container\">\n\t\t\t\t\t<h3 class=\"elementor-heading-title elementor-size-default\">FORTALEC\u00c9 TU FUERZA INTERIOR<\/h3>\t\t\t\t<\/div>\n\t\t\t\t<\/div>\n\t\t\t\t<div class=\"elementor-element elementor-element-f9b29e5 elementor-widget elementor-widget-text-editor\" data-id=\"f9b29e5\" data-element_type=\"widget\" data-widget_type=\"text-editor.default\">\n\t\t\t\t<div class=\"elementor-widget-container\">\n\t\t\t\t\t\t\t\t\t<p>Algunos cient\u00edficos llaman al coraz\u00f3n \"El segundo cerebro\" como muchas investigaciones han demostrado, nuestro coraz\u00f3n tiene redes neuronales. Esto implica la necesidad de repensar nuestro coraz\u00f3n como otra capa de nuestra existencia o como centro emocional. Sanar nuestras emociones a trav\u00e9s del reconocimiento de las mismas, la comunicaci\u00f3n no violenta y la aceptaci\u00f3n, desarrollar\u00e1n la fortaleza necesaria para iniciar nuestros d\u00edas en gratitud y amor.<\/p>\t\t\t\t\t\t\t\t<\/div>\n\t\t\t\t<\/div>\n\t\t\t\t<\/div>\n\t\t\t\t\t<\/div>\n\t\t\t\t<\/div>\n\t\t<div class=\"elementor-element elementor-element-5ec68c7 e-flex e-con-boxed e-con e-parent\" data-id=\"5ec68c7\" data-element_type=\"container\">\n\t\t\t\t\t<div class=\"e-con-inner\">\n\t\t<div class=\"elementor-element elementor-element-06ba8b0 e-con-full e-flex e-con e-child\" data-id=\"06ba8b0\" data-element_type=\"container\">\n\t\t\t\t<div class=\"elementor-element elementor-element-614b687 elementor-widget elementor-widget-heading\" data-id=\"614b687\" data-element_type=\"widget\" data-widget_type=\"heading.default\">\n\t\t\t\t<div class=\"elementor-widget-container\">\n\t\t\t\t\t<h3 class=\"elementor-heading-title elementor-size-default\">Autoconciencia<\/h3>\t\t\t\t<\/div>\n\t\t\t\t<\/div>\n\t\t\t\t<div class=\"elementor-element elementor-element-e8c9b71 elementor-widget elementor-widget-heading\" data-id=\"e8c9b71\" data-element_type=\"widget\" data-widget_type=\"heading.default\">\n\t\t\t\t<div class=\"elementor-widget-container\">\n\t\t\t\t\t<h3 class=\"elementor-heading-title elementor-size-default\">CONCIENCIA PLENA<\/h3>\t\t\t\t<\/div>\n\t\t\t\t<\/div>\n\t\t\t\t<div class=\"elementor-element elementor-element-8648ac1 elementor-widget elementor-widget-text-editor\" data-id=\"8648ac1\" data-element_type=\"widget\" data-widget_type=\"text-editor.default\">\n\t\t\t\t<div class=\"elementor-widget-container\">\n\t\t\t\t\t\t\t\t\t<p>A medida que pasamos por nuestro \"proceso de aprendizaje\", vamos creando la separaci\u00f3n de nuestro yo interior, ya que gastamos toda nuestra energ\u00eda, en estrategias y pensamientos para construir esta personalidad que describimos con anterioridad. Gastamos toda nuestra energ\u00eda para apoyar la importancia de nosotros mismos, no el ser real, sino el que hemos creado a trav\u00e9s de nuestra mente y estas estrategias. La autoconciencia entonces se vuelve cr\u00edtica para deshacer suavemente este proceso sutil y, por lo tanto, convertirnos en el ser que podr\u00edamos ser, no en el ser que se supone deber\u00edamos ser.<\/p>\t\t\t\t\t\t\t\t<\/div>\n\t\t\t\t<\/div>\n\t\t\t\t<\/div>\n\t\t<div class=\"elementor-element elementor-element-8598b1d e-con-full e-flex e-con e-child\" data-id=\"8598b1d\" data-element_type=\"container\">\n\t\t\t\t<div class=\"elementor-element elementor-element-1828a03 elementor-widget elementor-widget-image\" data-id=\"1828a03\" data-element_type=\"widget\" data-widget_type=\"image.default\">\n\t\t\t\t<div class=\"elementor-widget-container\">\n\t\t\t\t\t\t\t\t\t\t\t\t\t\t\t<img loading=\"lazy\" decoding=\"async\" width=\"600\" height=\"413\" src=\"https:\/\/myaorg.com\/wp-content\/uploads\/2025\/02\/pilar6.jpg\" class=\"attachment-large size-large wp-image-331\" alt=\"\" srcset=\"https:\/\/myaorg.com\/wp-content\/uploads\/2025\/02\/pilar6.jpg 600w, https:\/\/myaorg.com\/wp-content\/uploads\/2025\/02\/pilar6-300x207.jpg 300w\" sizes=\"(max-width: 600px) 100vw, 600px\" \/>\t\t\t\t\t\t\t\t\t\t\t\t\t\t\t<\/div>\n\t\t\t\t<\/div>\n\t\t\t\t<\/div>\n\t\t\t\t\t<\/div>\n\t\t\t\t<\/div>\n\t\t<div class=\"elementor-element elementor-element-693e37a e-flex e-con-boxed e-con e-parent\" data-id=\"693e37a\" data-element_type=\"container\">\n\t\t\t\t\t<div class=\"e-con-inner\">\n\t\t<div class=\"elementor-element elementor-element-571ad24 e-con-full e-flex e-con e-child\" data-id=\"571ad24\" data-element_type=\"container\">\n\t\t\t\t<div class=\"elementor-element elementor-element-13fbbc5 elementor-widget elementor-widget-image\" data-id=\"13fbbc5\" data-element_type=\"widget\" data-widget_type=\"image.default\">\n\t\t\t\t<div class=\"elementor-widget-container\">\n\t\t\t\t\t\t\t\t\t\t\t\t\t\t\t<img loading=\"lazy\" decoding=\"async\" width=\"600\" height=\"413\" src=\"https:\/\/myaorg.com\/wp-content\/uploads\/2025\/02\/pilar7.jpg\" class=\"attachment-large size-large wp-image-332\" alt=\"\" srcset=\"https:\/\/myaorg.com\/wp-content\/uploads\/2025\/02\/pilar7.jpg 600w, https:\/\/myaorg.com\/wp-content\/uploads\/2025\/02\/pilar7-300x207.jpg 300w\" sizes=\"(max-width: 600px) 100vw, 600px\" \/>\t\t\t\t\t\t\t\t\t\t\t\t\t\t\t<\/div>\n\t\t\t\t<\/div>\n\t\t\t\t<\/div>\n\t\t<div class=\"elementor-element elementor-element-918a31a e-con-full e-flex e-con e-child\" data-id=\"918a31a\" data-element_type=\"container\">\n\t\t\t\t<div class=\"elementor-element elementor-element-ea2fcad elementor-widget elementor-widget-heading\" data-id=\"ea2fcad\" data-element_type=\"widget\" data-widget_type=\"heading.default\">\n\t\t\t\t<div class=\"elementor-widget-container\">\n\t\t\t\t\t<h3 class=\"elementor-heading-title elementor-size-default\">Nuestros cinco sentidos<\/h3>\t\t\t\t<\/div>\n\t\t\t\t<\/div>\n\t\t\t\t<div class=\"elementor-element elementor-element-2212a0b elementor-widget elementor-widget-heading\" data-id=\"2212a0b\" data-element_type=\"widget\" data-widget_type=\"heading.default\">\n\t\t\t\t<div class=\"elementor-widget-container\">\n\t\t\t\t\t<h3 class=\"elementor-heading-title elementor-size-default\">CONTACTO CON LA NATURALEZA<\/h3>\t\t\t\t<\/div>\n\t\t\t\t<\/div>\n\t\t\t\t<div class=\"elementor-element elementor-element-4dd7270 elementor-widget elementor-widget-text-editor\" data-id=\"4dd7270\" data-element_type=\"widget\" data-widget_type=\"text-editor.default\">\n\t\t\t\t<div class=\"elementor-widget-container\">\n\t\t\t\t\t\t\t\t\t<p>En la actualidad, la calidad del aire de los principales conglomerados de nuestro planeta tierra registra niveles cr\u00edticos. Nuestro contacto con la naturaleza se ha tornado m\u00ednimo, en consecuencia nuestra salud se est\u00e1 deteriorando. En este programa exploraremos la informaci\u00f3n que recibimos a trav\u00e9s de nuestros cinco sentidos, lo que podr\u00eda ser una gran oportunidad para entender el proceso de curaci\u00f3n de la naturaleza y desarrollar as\u00ed eficazmente, herramientas para reconstruir nuestra fuerza y resiliencia en este nuestro entorno actual.<\/p>\t\t\t\t\t\t\t\t<\/div>\n\t\t\t\t<\/div>\n\t\t\t\t<\/div>\n\t\t\t\t\t<\/div>\n\t\t\t\t<\/div>\n\t\t\t\t<\/div>","protected":false},"excerpt":{"rendered":"<p>MINDFUL HEALING More than one third of the American population experiences health issues such as chronic pain, anxiety, eating disorders, sleeping disorders, depression and isolation. This affects not just the individuals, but impacts everyone else around them as well, including family members, coworkers and friends. This program, based on the millenary wisdom of Ayurveda, known [&hellip;]<\/p>","protected":false},"author":3,"featured_media":0,"parent":0,"menu_order":0,"comment_status":"closed","ping_status":"closed","template":"","meta":{"footnotes":""},"class_list":["post-317","page","type-page","status-publish","hentry"],"_links":{"self":[{"href":"https:\/\/myaorg.com\/es\/wp-json\/wp\/v2\/pages\/317","targetHints":{"allow":["GET"]}}],"collection":[{"href":"https:\/\/myaorg.com\/es\/wp-json\/wp\/v2\/pages"}],"about":[{"href":"https:\/\/myaorg.com\/es\/wp-json\/wp\/v2\/types\/page"}],"author":[{"embeddable":true,"href":"https:\/\/myaorg.com\/es\/wp-json\/wp\/v2\/users\/3"}],"replies":[{"embeddable":true,"href":"https:\/\/myaorg.com\/es\/wp-json\/wp\/v2\/comments?post=317"}],"version-history":[{"count":34,"href":"https:\/\/myaorg.com\/es\/wp-json\/wp\/v2\/pages\/317\/revisions"}],"predecessor-version":[{"id":771,"href":"https:\/\/myaorg.com\/es\/wp-json\/wp\/v2\/pages\/317\/revisions\/771"}],"wp:attachment":[{"href":"https:\/\/myaorg.com\/es\/wp-json\/wp\/v2\/media?parent=317"}],"curies":[{"name":"wp","href":"https:\/\/api.w.org\/{rel}","templated":true}]}}