{"id":340,"date":"2025-02-10T10:44:17","date_gmt":"2025-02-10T13:44:17","guid":{"rendered":"http:\/\/localhost\/mya_local\/?page_id=340"},"modified":"2025-02-28T12:26:25","modified_gmt":"2025-02-28T15:26:25","slug":"consultations","status":"publish","type":"page","link":"https:\/\/myaorg.com\/es\/consultations\/","title":{"rendered":"Consultations"},"content":{"rendered":"<div data-elementor-type=\"wp-page\" data-elementor-id=\"340\" class=\"elementor elementor-340\" data-elementor-post-type=\"page\">\n\t\t\t\t<div class=\"elementor-element elementor-element-81bfcd5 e-flex e-con-boxed e-con e-parent\" data-id=\"81bfcd5\" data-element_type=\"container\">\n\t\t\t\t\t<div class=\"e-con-inner\">\n\t\t\t\t<div class=\"elementor-element elementor-element-b286a94 elementor-widget elementor-widget-heading\" data-id=\"b286a94\" data-element_type=\"widget\" data-widget_type=\"heading.default\">\n\t\t\t\t<div class=\"elementor-widget-container\">\n\t\t\t\t\t<h2 class=\"elementor-heading-title elementor-size-default\">CONSULTAS<\/h2>\t\t\t\t<\/div>\n\t\t\t\t<\/div>\n\t\t\t\t\t<\/div>\n\t\t\t\t<\/div>\n\t\t<div class=\"elementor-element elementor-element-1ed6a58 e-flex e-con-boxed e-con e-parent\" data-id=\"1ed6a58\" data-element_type=\"container\">\n\t\t\t\t\t<div class=\"e-con-inner\">\n\t\t\t\t<div class=\"elementor-element elementor-element-59d2c58 elementor-widget elementor-widget-text-editor\" data-id=\"59d2c58\" data-element_type=\"widget\" data-widget_type=\"text-editor.default\">\n\t\t\t\t<div class=\"elementor-widget-container\">\n\t\t\t\t\t\t\t\t\t<p>Las consultas de salud se basan en el Ayurveda, considerado el sistema de salud m\u00e1s antiguo del planeta. La palabra Ayurveda significa \"Conocimiento de la vida\". Ayur significa Vida y Veda significa Conocimiento.<\/p><p>Cuando realizamos consultas privadas evaluamos tu constituci\u00f3n corporal \/ mental y el estado real de ellas, a trav\u00e9s de una perspectiva ayurv\u00e9dica.<\/p><p>Por favor, antes de contactarnos, llena estos dos formularios adjuntos (archivos PDF) llamados Prakruti y Vikruti.<\/p><p>A trav\u00e9s de la comprensi\u00f3n de tu Prakruti conoceremos su constituci\u00f3n de Cuerpo y Mente.<br \/>A trav\u00e9s de la comprensi\u00f3n de tu Vikruti, entenderemos el estado real de estas constituciones o principios metab\u00f3licos, llamados Doshas.<\/p><p>Doshas son principios metab\u00f3licos que representan las tres grandes fuerzas c\u00f3smicas que de acuerdo con Ayurveda han creado el universo.<\/p><p><strong>Energ\u00eda\u00a0<\/strong>(Prana in Sanskrit),<\/p><p><strong>Luz<\/strong> (Jyoti),<\/p><p><strong>Cohesi\u00f3n o Amor<\/strong>\u00a0(Prema).<\/p>\t\t\t\t\t\t\t\t<\/div>\n\t\t\t\t<\/div>\n\t\t<div class=\"elementor-element elementor-element-f7c43bc e-con-full e-flex e-con e-child\" data-id=\"f7c43bc\" data-element_type=\"container\">\n\t\t\t\t<div class=\"elementor-element elementor-element-3f7ce45 elementor-widget elementor-widget-heading\" data-id=\"3f7ce45\" data-element_type=\"widget\" data-widget_type=\"heading.default\">\n\t\t\t\t<div class=\"elementor-widget-container\">\n\t\t\t\t\t<h3 class=\"elementor-heading-title elementor-size-default\">DESCARGAR<\/h3>\t\t\t\t<\/div>\n\t\t\t\t<\/div>\n\t\t<div class=\"elementor-element elementor-element-e7a74e5 e-con-full e-flex e-con e-child\" data-id=\"e7a74e5\" data-element_type=\"container\">\n\t\t\t\t<div class=\"elementor-element elementor-element-2e0399e elementor-widget elementor-widget-button\" data-id=\"2e0399e\" data-element_type=\"widget\" data-widget_type=\"button.default\">\n\t\t\t\t<div class=\"elementor-widget-container\">\n\t\t\t\t\t\t\t\t\t<div class=\"elementor-button-wrapper\">\n\t\t\t\t\t<a class=\"elementor-button elementor-button-link elementor-size-sm elementor-animation-grow\" href=\"https:\/\/myaorg.com\/wp-content\/uploads\/2025\/02\/Prakruti.pdf\">\n\t\t\t\t\t\t<span class=\"elementor-button-content-wrapper\">\n\t\t\t\t\t\t\t\t\t<span class=\"elementor-button-text\">PRAKRUTI<\/span>\n\t\t\t\t\t<\/span>\n\t\t\t\t\t<\/a>\n\t\t\t\t<\/div>\n\t\t\t\t\t\t\t\t<\/div>\n\t\t\t\t<\/div>\n\t\t\t\t<div class=\"elementor-element elementor-element-a45ec44 elementor-widget elementor-widget-button\" data-id=\"a45ec44\" data-element_type=\"widget\" data-widget_type=\"button.default\">\n\t\t\t\t<div class=\"elementor-widget-container\">\n\t\t\t\t\t\t\t\t\t<div class=\"elementor-button-wrapper\">\n\t\t\t\t\t<a class=\"elementor-button elementor-button-link elementor-size-sm elementor-animation-grow\" href=\"https:\/\/myaorg.com\/wp-content\/uploads\/2025\/02\/Vikruti.pdf\">\n\t\t\t\t\t\t<span class=\"elementor-button-content-wrapper\">\n\t\t\t\t\t\t\t\t\t<span class=\"elementor-button-text\">VIKRUTI<\/span>\n\t\t\t\t\t<\/span>\n\t\t\t\t\t<\/a>\n\t\t\t\t<\/div>\n\t\t\t\t\t\t\t\t<\/div>\n\t\t\t\t<\/div>\n\t\t\t\t<\/div>\n\t\t\t\t<\/div>\n\t\t\t\t\t<\/div>\n\t\t\t\t<\/div>\n\t\t<div class=\"elementor-element elementor-element-58461d4 e-flex e-con-boxed e-con e-parent\" data-id=\"58461d4\" data-element_type=\"container\">\n\t\t\t\t\t<div class=\"e-con-inner\">\n\t\t\t\t<div class=\"elementor-element elementor-element-5ae686f elementor-widget elementor-widget-image\" data-id=\"5ae686f\" data-element_type=\"widget\" data-widget_type=\"image.default\">\n\t\t\t\t<div class=\"elementor-widget-container\">\n\t\t\t\t\t\t\t\t\t\t\t\t\t\t\t<img fetchpriority=\"high\" decoding=\"async\" width=\"800\" height=\"453\" src=\"https:\/\/myaorg.com\/wp-content\/uploads\/2025\/02\/health_office-1024x580.jpg\" class=\"attachment-large size-large wp-image-354\" alt=\"\" srcset=\"https:\/\/myaorg.com\/wp-content\/uploads\/2025\/02\/health_office-1024x580.jpg 1024w, https:\/\/myaorg.com\/wp-content\/uploads\/2025\/02\/health_office-300x170.jpg 300w, https:\/\/myaorg.com\/wp-content\/uploads\/2025\/02\/health_office-768x435.jpg 768w, https:\/\/myaorg.com\/wp-content\/uploads\/2025\/02\/health_office-1536x871.jpg 1536w, https:\/\/myaorg.com\/wp-content\/uploads\/2025\/02\/health_office.jpg 1600w\" sizes=\"(max-width: 800px) 100vw, 800px\" \/>\t\t\t\t\t\t\t\t\t\t\t\t\t\t\t<\/div>\n\t\t\t\t<\/div>\n\t\t\t\t\t<\/div>\n\t\t\t\t<\/div>\n\t\t<div class=\"elementor-element elementor-element-7f65bf9 e-flex e-con-boxed e-con e-parent\" data-id=\"7f65bf9\" data-element_type=\"container\">\n\t\t\t\t\t<div class=\"e-con-inner\">\n\t\t\t\t<div class=\"elementor-element elementor-element-077e0d0 elementor-widget elementor-widget-heading\" data-id=\"077e0d0\" data-element_type=\"widget\" data-widget_type=\"heading.default\">\n\t\t\t\t<div class=\"elementor-widget-container\">\n\t\t\t\t\t<h2 class=\"elementor-heading-title elementor-size-default\">LA SALUD EN EL LUGAR DE TRABAJO<\/h2>\t\t\t\t<\/div>\n\t\t\t\t<\/div>\n\t\t<div class=\"elementor-element elementor-element-fba7be4 e-con-full e-flex e-con e-child\" data-id=\"fba7be4\" data-element_type=\"container\">\n\t\t\t\t<div class=\"elementor-element elementor-element-2325260 elementor-widget elementor-widget-text-editor\" data-id=\"2325260\" data-element_type=\"widget\" data-widget_type=\"text-editor.default\">\n\t\t\t\t<div class=\"elementor-widget-container\">\n\t\t\t\t\t\t\t\t\t<p>Las investigaciones neuropsicol\u00f3gicas en los \u00faltimos 40 a\u00f1os han demostrado que el desarrollo del cerebro saludable es particularmente decisivo para la realizaci\u00f3n de todo el potencial individual. El rendimiento, el comportamiento, la interacci\u00f3n social, la claridad mental, la elecci\u00f3n y la toma de decisiones mejoran si el cuerpo y la mente son saludables.<\/p><p>Si eres el propietario, CEO, VP Sales o HR de una empresa, sabes lo importante que es preservar y apoyar la salud y el bienestar de tu fuerza de trabajo.<\/p><p>En MYA ofrecemos eventos \"a la carta\" en el lugar de trabajo. Dise\u00f1a la clase, conferencia o taller que quieras para tu negocio, grupo, comunidad, escuela, empleados, etc.<\/p><p>El yoga, la salud y el bienestar, el manejo del estr\u00e9s, la comunicaci\u00f3n no violenta, la respiraci\u00f3n y las t\u00e9cnicas de relajaci\u00f3n est\u00e1n disponibles, as\u00ed como Mindfulness (atenci\u00f3n plena) y meditaci\u00f3n.<\/p><p>Ll\u00e1manos y coordinaremos una reuni\u00f3n para analizar diferentes opciones que se ajusten a tus necesidades.<br \/><strong>info@myaorg.com<\/strong>\u00a0or 310 729-4631<\/p>\t\t\t\t\t\t\t\t<\/div>\n\t\t\t\t<\/div>\n\t\t\t\t<\/div>\n\t\t\t\t\t<\/div>\n\t\t\t\t<\/div>\n\t\t\t\t<\/div>","protected":false},"excerpt":{"rendered":"<p>CONSULTATIONS Private consultations are based on Ayurveda, considered the oldest healing system in the planet. The word Ayurveda means \u201cLife\u2019s Knowledge\u201d. Ayur means Life and Veda means Knowledge. When we do private consultations we evaluate your body\/mind constitution and the actual state of them, through an Ayurvedic perspective. Please, prior our consultation, fill these two [&hellip;]<\/p>","protected":false},"author":3,"featured_media":0,"parent":0,"menu_order":0,"comment_status":"closed","ping_status":"closed","template":"","meta":{"footnotes":""},"class_list":["post-340","page","type-page","status-publish","hentry"],"_links":{"self":[{"href":"https:\/\/myaorg.com\/es\/wp-json\/wp\/v2\/pages\/340","targetHints":{"allow":["GET"]}}],"collection":[{"href":"https:\/\/myaorg.com\/es\/wp-json\/wp\/v2\/pages"}],"about":[{"href":"https:\/\/myaorg.com\/es\/wp-json\/wp\/v2\/types\/page"}],"author":[{"embeddable":true,"href":"https:\/\/myaorg.com\/es\/wp-json\/wp\/v2\/users\/3"}],"replies":[{"embeddable":true,"href":"https:\/\/myaorg.com\/es\/wp-json\/wp\/v2\/comments?post=340"}],"version-history":[{"count":25,"href":"https:\/\/myaorg.com\/es\/wp-json\/wp\/v2\/pages\/340\/revisions"}],"predecessor-version":[{"id":652,"href":"https:\/\/myaorg.com\/es\/wp-json\/wp\/v2\/pages\/340\/revisions\/652"}],"wp:attachment":[{"href":"https:\/\/myaorg.com\/es\/wp-json\/wp\/v2\/media?parent=340"}],"curies":[{"name":"wp","href":"https:\/\/api.w.org\/{rel}","templated":true}]}}